{"id":93594,"date":"2023-10-30T12:25:42","date_gmt":"2023-10-30T11:25:42","guid":{"rendered":"https:\/\/www.lalainieredewazemmes.com\/product\/knitting-kit-baby-waistcoat-acrylic\/"},"modified":"2025-07-02T10:41:23","modified_gmt":"2025-07-02T08:41:23","slug":"knitting-kit-baby-waistcoat-acrylic","status":"publish","type":"product","link":"https:\/\/www.lalainieredewazemmes.com\/en\/product\/knitting-kit-baby-waistcoat-acrylic\/","title":{"rendered":"Knitting kit &#8211; BABY GILET\/BRASSI\u00c8RE &#8211; 100% Acrylic"},"content":{"rendered":"","protected":false},"excerpt":{"rendered":"","protected":false},"featured_media":91577,"template":"","meta":{"_acf_changed":false,"_seopress_robots_primary_cat":"none","_seopress_titles_title":"Knitting kit - GILET\/BRASSI\u00c8RE B\u00c9B\u00c9 - 100% Acrylic | La Laini\u00e8re de Wazemmes","_seopress_titles_desc":"Knitting kit with very soft yarn. Over 45 colors available. Layette knitting kit suitable for beginners, with detailed step-by-step instructions.  ","_seopress_robots_index":"","inline_featured_image":false},"product_brand":[],"product_cat":[2369,2371,2365],"product_tag":[],"class_list":{"0":"post-93594","1":"product","2":"type-product","3":"status-publish","4":"has-post-thumbnail","6":"product_cat-knitting-kits","7":"product_cat-child","8":"product_cat-gift","9":"marques-annell-en","10":"aiguilles-3-mm","11":"matieres-acrylic","12":"typedefils-baby-wear-yarns","13":"numerosaiguille-3-mm","15":"first","16":"instock","17":"taxable","18":"shipping-taxable","19":"purchasable","20":"product-type-bundle"},"bundled_by":[],"bundle_stock_status":"instock","bundle_stock_quantity":1435,"bundle_virtual":false,"bundle_layout":"default","bundle_add_to_cart_form_location":"default","bundle_editable_in_cart":true,"bundle_sold_individually_context":"product","bundle_item_grouping":"parent","bundle_min_size":"","bundle_max_size":"","bundle_price":{"price":{"min":{"incl_tax":"5.55","excl_tax":"4.63"},"max":{"incl_tax":"14.5","excl_tax":"12.08"}},"regular_price":{"min":{"incl_tax":"5.55","excl_tax":"4.63"},"max":{"incl_tax":"14.5","excl_tax":"12.08"}}},"bundled_items":[{"bundled_item_id":175,"product_id":60772,"menu_order":0,"quantity_min":1,"quantity_max":2,"quantity_default":1,"priced_individually":true,"shipped_individually":false,"override_title":false,"title":"RAPIDO FINE &#8211; 100% Acrylic &#8211; Annell","override_description":false,"description":"RAPIDO FINE &#8211; 100% Acrylic &#8211; Annell","optional":false,"hide_thumbnail":false,"discount":"","override_variations":false,"allowed_variations":[""],"override_default_variation_attributes":false,"default_variation_attributes":[],"single_product_visibility":"visible","cart_visibility":"visible","order_visibility":"visible","single_product_price_visibility":"visible","cart_price_visibility":"visible","order_price_visibility":"visible","stock_status":"in_stock"},{"bundled_item_id":176,"product_id":61186,"menu_order":1,"quantity_min":1,"quantity_max":1,"quantity_default":1,"priced_individually":true,"shipped_individually":false,"override_title":false,"title":"Grey aluminium knitting needles 40 cm &#8211; Prym","override_description":false,"description":"Grey aluminium knitting needles 40 cm &#8211; Prym","optional":true,"hide_thumbnail":false,"discount":"","override_variations":true,"allowed_variations":[61189],"override_default_variation_attributes":false,"default_variation_attributes":[],"single_product_visibility":"visible","cart_visibility":"visible","order_visibility":"visible","single_product_price_visibility":"visible","cart_price_visibility":"visible","order_price_visibility":"visible","stock_status":"in_stock"},{"bundled_item_id":177,"product_id":65069,"menu_order":2,"quantity_min":1,"quantity_max":1,"quantity_default":1,"priced_individually":true,"shipped_individually":false,"override_title":false,"title":"Wool needle with round or pointed tip &#8211; Prym","override_description":false,"description":"Wool needle with round or pointed tip &#8211; Prym","optional":true,"hide_thumbnail":false,"discount":"","override_variations":true,"allowed_variations":[65071],"override_default_variation_attributes":false,"default_variation_attributes":[],"single_product_visibility":"visible","cart_visibility":"visible","order_visibility":"visible","single_product_price_visibility":"visible","cart_price_visibility":"visible","order_price_visibility":"visible","stock_status":"in_stock"},{"bundled_item_id":178,"product_id":61395,"menu_order":3,"quantity_min":1,"quantity_max":1,"quantity_default":1,"priced_individually":true,"shipped_individually":false,"override_title":false,"title":"Stitch marker rings &#8211; Prym","override_description":false,"description":"Stitch marker rings &#8211; Prym","optional":true,"hide_thumbnail":false,"discount":"","override_variations":false,"allowed_variations":[""],"override_default_variation_attributes":false,"default_variation_attributes":[],"single_product_visibility":"visible","cart_visibility":"visible","order_visibility":"visible","single_product_price_visibility":"visible","cart_price_visibility":"visible","order_price_visibility":"visible","stock_status":"in_stock"}],"bundle_sell_ids":[],"acf":[],"df_price":3.9,"df_sale_price":"","df_regular_price":3.9,"df_image_link":"https:\/\/www.lalainieredewazemmes.com\/wp-bundles\/uploads\/2023\/10\/IMG_5645-1-300x300.jpeg","_links":{"self":[{"href":"https:\/\/www.lalainieredewazemmes.com\/en\/wp-json\/wp\/v2\/product\/93594","targetHints":{"allow":["GET"]}}],"collection":[{"href":"https:\/\/www.lalainieredewazemmes.com\/en\/wp-json\/wp\/v2\/product"}],"about":[{"href":"https:\/\/www.lalainieredewazemmes.com\/en\/wp-json\/wp\/v2\/types\/product"}],"wp:featuredmedia":[{"embeddable":true,"href":"https:\/\/www.lalainieredewazemmes.com\/en\/wp-json\/wp\/v2\/media\/91577"}],"wp:attachment":[{"href":"https:\/\/www.lalainieredewazemmes.com\/en\/wp-json\/wp\/v2\/media?parent=93594"}],"wp:term":[{"taxonomy":"product_brand","embeddable":true,"href":"https:\/\/www.lalainieredewazemmes.com\/en\/wp-json\/wp\/v2\/product_brand?post=93594"},{"taxonomy":"product_cat","embeddable":true,"href":"https:\/\/www.lalainieredewazemmes.com\/en\/wp-json\/wp\/v2\/product_cat?post=93594"},{"taxonomy":"product_tag","embeddable":true,"href":"https:\/\/www.lalainieredewazemmes.com\/en\/wp-json\/wp\/v2\/product_tag?post=93594"}],"curies":[{"name":"wp","href":"https:\/\/api.w.org\/{rel}","templated":true}]}}