{"id":65310,"date":"2022-05-02T20:37:27","date_gmt":"2022-05-02T18:37:27","guid":{"rendered":"https:\/\/www.lalainieredewazemmes.com\/product\/kit-scarf-victoire\/"},"modified":"2024-01-04T14:38:19","modified_gmt":"2024-01-04T13:38:19","slug":"knitting-kit-scarf-acrylic-and-nylon","status":"publish","type":"product","link":"https:\/\/www.lalainieredewazemmes.com\/en\/product\/knitting-kit-scarf-acrylic-and-nylon\/","title":{"rendered":"Knitting kit &#8211; SCARF &#8211; Acrylic and Nylon"},"content":{"rendered":"","protected":false},"excerpt":{"rendered":"","protected":false},"featured_media":48323,"template":"","meta":{"_acf_changed":false,"_seopress_robots_primary_cat":"none","_seopress_titles_title":"Knitting kit - SCARF - Acrylic and Nylon - La Laini\u00e8re de Wazemmes","_seopress_titles_desc":"Kit to make a beautiful knitted scarf. Thick but ultra light yarn. Ideal for the winter season! Several colors are available.\u00a0","_seopress_robots_index":"","inline_featured_image":false},"product_brand":[],"product_cat":[2372,2373,2370,2365],"product_tag":[],"class_list":{"0":"post-65310","1":"product","2":"type-product","3":"status-publish","4":"has-post-thumbnail","6":"product_cat-woman","7":"product_cat-man","8":"product_cat-knitting-accessories-kits","9":"product_cat-gift","10":"marques-jenny-en","11":"aiguilles-8-mm","12":"couleurs-black","13":"couleurs-multicolor-en","14":"couleurs-orange-en","15":"matieres-acrylic","16":"matieres-nylon-en","17":"matieres-wool","18":"typedefils-classic-yarns","20":"first","21":"instock","22":"taxable","23":"shipping-taxable","24":"purchasable","25":"product-type-bundle"},"bundled_by":[],"bundle_stock_status":"instock","bundle_stock_quantity":1,"bundle_virtual":false,"bundle_layout":"default","bundle_add_to_cart_form_location":"default","bundle_editable_in_cart":false,"bundle_sold_individually_context":"product","bundle_item_grouping":"parent","bundle_min_size":"","bundle_max_size":"","bundle_price":{"price":{"min":{"incl_tax":"8.2","excl_tax":"6.83"},"max":{"incl_tax":"15","excl_tax":"12.5"}},"regular_price":{"min":{"incl_tax":"8.2","excl_tax":"6.83"},"max":{"incl_tax":"15","excl_tax":"12.5"}}},"bundled_items":[{"bundled_item_id":106,"product_id":59680,"menu_order":0,"quantity_min":2,"quantity_max":2,"quantity_default":2,"priced_individually":true,"shipped_individually":false,"override_title":false,"title":"VICTOIRE qualit\u00e9 sup\u00e9rieure &#8211; Acrylic &#8211; Jenny","override_description":false,"description":"VICTOIRE qualit\u00e9 sup\u00e9rieure &#8211; Acrylic &#8211; Jenny","optional":false,"hide_thumbnail":false,"discount":"","override_variations":false,"allowed_variations":[""],"override_default_variation_attributes":false,"default_variation_attributes":[],"single_product_visibility":"visible","cart_visibility":"visible","order_visibility":"visible","single_product_price_visibility":"visible","cart_price_visibility":"visible","order_price_visibility":"visible","stock_status":"in_stock"},{"bundled_item_id":107,"product_id":62766,"menu_order":1,"quantity_min":1,"quantity_max":1,"quantity_default":1,"priced_individually":true,"shipped_individually":false,"override_title":false,"title":"Bamboo knitting needles 40 cm","override_description":false,"description":"Bamboo knitting needles 40 cm","optional":true,"hide_thumbnail":false,"discount":"","override_variations":true,"allowed_variations":[62778],"override_default_variation_attributes":false,"default_variation_attributes":[],"single_product_visibility":"visible","cart_visibility":"visible","order_visibility":"visible","single_product_price_visibility":"visible","cart_price_visibility":"visible","order_price_visibility":"visible","stock_status":"in_stock"}],"bundle_sell_ids":[],"acf":[],"df_price":1,"df_sale_price":"","df_regular_price":1,"df_image_link":"https:\/\/www.lalainieredewazemmes.com\/wp-bundles\/uploads\/2022\/05\/E3E37663-788E-4353-AA9B-36AD76892493_1_201_a-300x300.jpeg","_links":{"self":[{"href":"https:\/\/www.lalainieredewazemmes.com\/en\/wp-json\/wp\/v2\/product\/65310","targetHints":{"allow":["GET"]}}],"collection":[{"href":"https:\/\/www.lalainieredewazemmes.com\/en\/wp-json\/wp\/v2\/product"}],"about":[{"href":"https:\/\/www.lalainieredewazemmes.com\/en\/wp-json\/wp\/v2\/types\/product"}],"wp:featuredmedia":[{"embeddable":true,"href":"https:\/\/www.lalainieredewazemmes.com\/en\/wp-json\/wp\/v2\/media\/48323"}],"wp:attachment":[{"href":"https:\/\/www.lalainieredewazemmes.com\/en\/wp-json\/wp\/v2\/media?parent=65310"}],"wp:term":[{"taxonomy":"product_brand","embeddable":true,"href":"https:\/\/www.lalainieredewazemmes.com\/en\/wp-json\/wp\/v2\/product_brand?post=65310"},{"taxonomy":"product_cat","embeddable":true,"href":"https:\/\/www.lalainieredewazemmes.com\/en\/wp-json\/wp\/v2\/product_cat?post=65310"},{"taxonomy":"product_tag","embeddable":true,"href":"https:\/\/www.lalainieredewazemmes.com\/en\/wp-json\/wp\/v2\/product_tag?post=65310"}],"curies":[{"name":"wp","href":"https:\/\/api.w.org\/{rel}","templated":true}]}}