{"id":62877,"date":"2022-05-02T19:53:16","date_gmt":"2022-05-02T17:53:16","guid":{"rendered":"https:\/\/www.lalainieredewazemmes.com\/product\/shetland-12-lammy-laine-destockage-pure-laine\/"},"modified":"2025-08-16T22:39:19","modified_gmt":"2025-08-16T20:39:19","slug":"shetland-12-lammy-wool-destocking-pure-wool","status":"publish","type":"product","link":"https:\/\/www.lalainieredewazemmes.com\/en\/product\/shetland-12-lammy-wool-destocking-pure-wool\/","title":{"rendered":"SHETLAND 12 &#8211; 100% Wool &#8211; Lammy Yarn"},"content":{"rendered":"<p>The Shetland 12 from Lammy Yarns is a pure rustic wool, a little bit dry. This thread is ideal to knit and crochet your home creations.<\/p>\n<p class=\"p1\">This ball components are certified by the <strong><a href=\"https:\/\/www.lalainieredewazemmes.com\/en\/2024\/01\/27\/oeko-tex-label\/\"><span class=\"s1\">Oeko-Tex\u00ae Standard 100 label.<\/span><\/a><\/strong><\/p>\n","protected":false},"excerpt":{"rendered":"<p>La pelote SHETLAND 12 de chez Lammy Yarns est une pure laine rustique un peu s\u00e8che.<br \/>\nCe fil est id\u00e9al pour tricoter et crocheter vos cr\u00e9ations de d\u00e9co maison.<\/p>\n","protected":false},"featured_media":97643,"template":"","meta":{"_acf_changed":false,"_seopress_robots_primary_cat":"none","_seopress_titles_title":"SHETLAND 12 - 100% Wool - Lammy Yarns | La Laini\u00e8re de Wazemmes","_seopress_titles_desc":"The Shetland 12 from Lammy Yarns is a pure rustic wool, a little bit dry. This thread is ideal to knit and crochet your home creations. 5 colors available.","_seopress_robots_index":"","inline_featured_image":false},"product_brand":[],"product_cat":[2374,2363],"product_tag":[2704],"class_list":{"0":"post-62877","1":"product","2":"type-product","3":"status-publish","4":"has-post-thumbnail","6":"product_cat-yarns-and-wools","7":"product_cat-clearance","8":"product_tag-label-oeko-tex-standard-100-en","9":"marques-lammy-yarns-en","10":"aiguilles-12-mm","11":"aiguilles-15-mm","12":"crochets-12-mm","13":"crochets-15-mm","14":"matieres-100-wool","15":"matieres-wool","17":"first","18":"outofstock","19":"taxable","20":"shipping-taxable","21":"purchasable","22":"product-type-variable"},"bundled_by":[],"bundle_stock_status":"outofstock","bundle_stock_quantity":null,"bundle_virtual":false,"bundle_layout":"","bundle_add_to_cart_form_location":"","bundle_editable_in_cart":false,"bundle_sold_individually_context":"","bundle_item_grouping":"","bundle_min_size":"","bundle_max_size":"","bundle_price":[],"bundled_items":[],"bundle_sell_ids":[],"acf":[],"df_price":5,"df_sale_price":"","df_regular_price":5,"df_image_link":"https:\/\/www.lalainieredewazemmes.com\/wp-bundles\/uploads\/2022\/05\/Elise-de\u0301tourage-photos-produits-300x300.jpg","_links":{"self":[{"href":"https:\/\/www.lalainieredewazemmes.com\/en\/wp-json\/wp\/v2\/product\/62877","targetHints":{"allow":["GET"]}}],"collection":[{"href":"https:\/\/www.lalainieredewazemmes.com\/en\/wp-json\/wp\/v2\/product"}],"about":[{"href":"https:\/\/www.lalainieredewazemmes.com\/en\/wp-json\/wp\/v2\/types\/product"}],"wp:featuredmedia":[{"embeddable":true,"href":"https:\/\/www.lalainieredewazemmes.com\/en\/wp-json\/wp\/v2\/media\/97643"}],"wp:attachment":[{"href":"https:\/\/www.lalainieredewazemmes.com\/en\/wp-json\/wp\/v2\/media?parent=62877"}],"wp:term":[{"taxonomy":"product_brand","embeddable":true,"href":"https:\/\/www.lalainieredewazemmes.com\/en\/wp-json\/wp\/v2\/product_brand?post=62877"},{"taxonomy":"product_cat","embeddable":true,"href":"https:\/\/www.lalainieredewazemmes.com\/en\/wp-json\/wp\/v2\/product_cat?post=62877"},{"taxonomy":"product_tag","embeddable":true,"href":"https:\/\/www.lalainieredewazemmes.com\/en\/wp-json\/wp\/v2\/product_tag?post=62877"}],"curies":[{"name":"wp","href":"https:\/\/api.w.org\/{rel}","templated":true}]}}