{"id":60219,"date":"2022-05-02T18:30:22","date_gmt":"2022-05-02T16:30:22","guid":{"rendered":"https:\/\/www.lalainieredewazemmes.com\/product\/alpina-6-lammy-laine-classique\/"},"modified":"2025-01-23T23:02:00","modified_gmt":"2025-01-23T22:02:00","slug":"ball-of-wool-alpina-6-lammy","status":"publish","type":"product","link":"https:\/\/www.lalainieredewazemmes.com\/en\/product\/ball-of-wool-alpina-6-lammy\/","title":{"rendered":"ALPINA 6 &#8211; Acrylic Wool &#8211; Lammy Yarns"},"content":{"rendered":"<p>Are you looking for a ball of wool suitable for making a scarf, a blanket, a cardigan, etc&#8230; for the winter season? ALPINA 6 wool from Lammy Yarns is the one you need! Its classic &amp; soft yarn is easy to knit and\/or crochet. Beginners will love it. This yarn is available in more than 20 plain and mottled colors, something for everyone to enjoy.<\/p>\n","protected":false},"excerpt":{"rendered":"<p>You are looking for a ball of wool suitable for making a scarf, a blanket, a cardigan, etc&#8230; ALPINA 6 wool from Lammy Yarns is perfect for the occasion!<\/p>\n<p>Its classic soft yarn is easy to knit or crochet. Beginners will love it.<\/p>\n<p>The Lammy Yarns ball is available in 25 plain and mottled colors, something for everyone.<\/p>\n<p>a marque Lammy Yarns est parfaite pour l\u2019occasion !<\/p>\n<p>Son fil classique doux est facile \u00e0 tricoter ou \u00e0 crocheter. Les d\u00e9butants l\u2019appr\u00e9cieront grandement.<\/p>\n<p>La pelote de chez Lammy Yarns est d\u00e9clin\u00e9e en 25 coloris unis et chin\u00e9s, de quoi ravir tout le monde.<\/p>\n","protected":false},"featured_media":3173,"template":"","meta":{"_acf_changed":false,"_seopress_robots_primary_cat":"none","_seopress_titles_title":"ALPINA 6 - Acrylic Wool - Lammy Yarns |\u00a0La Laini\u00e8re de Wazemmes","_seopress_titles_desc":"Looking for a ball of wool suitable for making a scarf or cardigan? Lammy Yarns' ALPINA 6 wool is perfect for the occasion.","_seopress_robots_index":"","inline_featured_image":false},"product_brand":[],"product_cat":[2896,2374],"product_tag":[2704],"class_list":{"0":"post-60219","1":"product","2":"type-product","3":"status-publish","4":"has-post-thumbnail","6":"product_cat-pelotes-avec-laine","7":"product_cat-yarns-and-wools","8":"product_tag-label-oeko-tex-standard-100-en","9":"marques-lammy-yarns-en","10":"aiguilles-6-mm","11":"aiguilles-7-mm","12":"crochets-7-mm","13":"matieres-acrylic","14":"matieres-wool","15":"typedefils-classic-yarns","17":"first","18":"instock","19":"taxable","20":"shipping-taxable","21":"purchasable","22":"product-type-variable"},"bundled_by":[],"bundle_stock_status":"instock","bundle_stock_quantity":null,"bundle_virtual":false,"bundle_layout":"","bundle_add_to_cart_form_location":"","bundle_editable_in_cart":false,"bundle_sold_individually_context":"","bundle_item_grouping":"","bundle_min_size":"","bundle_max_size":"","bundle_price":[],"bundled_items":[],"bundle_sell_ids":[],"acf":[],"df_price":4.7,"df_sale_price":"","df_regular_price":4.7,"df_image_link":"https:\/\/www.lalainieredewazemmes.com\/wp-bundles\/uploads\/2022\/05\/alpina6-020-300x300.jpg","_links":{"self":[{"href":"https:\/\/www.lalainieredewazemmes.com\/en\/wp-json\/wp\/v2\/product\/60219","targetHints":{"allow":["GET"]}}],"collection":[{"href":"https:\/\/www.lalainieredewazemmes.com\/en\/wp-json\/wp\/v2\/product"}],"about":[{"href":"https:\/\/www.lalainieredewazemmes.com\/en\/wp-json\/wp\/v2\/types\/product"}],"wp:featuredmedia":[{"embeddable":true,"href":"https:\/\/www.lalainieredewazemmes.com\/en\/wp-json\/wp\/v2\/media\/3173"}],"wp:attachment":[{"href":"https:\/\/www.lalainieredewazemmes.com\/en\/wp-json\/wp\/v2\/media?parent=60219"}],"wp:term":[{"taxonomy":"product_brand","embeddable":true,"href":"https:\/\/www.lalainieredewazemmes.com\/en\/wp-json\/wp\/v2\/product_brand?post=60219"},{"taxonomy":"product_cat","embeddable":true,"href":"https:\/\/www.lalainieredewazemmes.com\/en\/wp-json\/wp\/v2\/product_cat?post=60219"},{"taxonomy":"product_tag","embeddable":true,"href":"https:\/\/www.lalainieredewazemmes.com\/en\/wp-json\/wp\/v2\/product_tag?post=60219"}],"curies":[{"name":"wp","href":"https:\/\/api.w.org\/{rel}","templated":true}]}}